{"id":805,"date":"2017-07-15T11:01:53","date_gmt":"2017-07-15T09:01:53","guid":{"rendered":"http:\/\/olg-siegerland.de\/wordpress\/?page_id=805"},"modified":"2018-02-04T19:36:10","modified_gmt":"2018-02-04T18:36:10","slug":"informationsmaterial","status":"publish","type":"page","link":"https:\/\/olg-siegerland.de\/wordpress\/?page_id=805","title":{"rendered":"\u00dcber OL"},"content":{"rendered":"<p><strong>Was ist OL?<\/strong><br \/>\nVortrag Orientierungssport<br \/>\nPDF, 1.53 MB<br \/>\nOL-Flyer &#8218;Das ist OL&#8216;<br \/>\nPDF, 6,1 MB<br \/>\nOL-Flyer &#8218;Erste Schritte&#8216;<br \/>\nPDF, 6,6 MB<br \/>\nOL-Flyer &#8218;Die OL-Karte&#8216;<br \/>\nPDF, 5,4 MB<\/p>\n<p><strong>Studien:<\/strong><\/p>\n<div class=\"doc\">News-Artikel &#8222;&#8218;Orientierungslauf &#8211; im Einklang mit der Natur&#8216; &#8211; Ergebnisse einer Studie jetzt ver\u00f6ffentlicht&#8220;<br \/>\n<a href=\"http:\/\/www.orientierungslauf.de\/1\/2\/0\/1865\" target=\"_blank\" rel=\"noopener\">News-Artikel<\/a><\/div>\n<div class=\"doc\">Gutachterliche Begleitung des Teilprojektes &#8222;DTB-Positionierung Orientierungslauf &#8211; im Einklang mit der Natur&#8220; (\u00d6KOTOP GbR)<br \/>\n<a href=\"http:\/\/www.orientierungslauf.de\/dokumente\/umwelt\/2014_Gutachten_Oekotop.pdf\" target=\"_blank\" rel=\"noopener\">PDF, 5,43 MB<\/a><\/div>\n<div class=\"doc\">Bachelorarbeit &#8222;Entwicklung von Leitlinien f\u00fcr eine naturbewusste Aus\u00fcbung der Sportart Orientierungslauf&#8220; (Nina D\u00f6llgast)<br \/>\n<a href=\"http:\/\/www.orientierungslauf.de\/dokumente\/umwelt\/2014_Bachelorarbeit_Nina.pdf\" target=\"_blank\" rel=\"noopener\">PDF, 1,91 MB<\/a><\/div>\n<div class=\"doc\">Dokumentation des Projektes: &#8222;DTB-Positionierung Orientierungslauf &#8211; Im Einklang mit der Natur&#8220; (Hans Joachim Bader)<br \/>\n<a href=\"http:\/\/www.orientierungslauf.de\/dokumente\/umwelt\/2014_Dokumentation_des_Projektes.pdf\" target=\"_blank\" rel=\"noopener\">PDF, 1,24 MB<\/a><\/div>\n<div><\/div>\n<div><\/div>\n<p><strong>Bahnlegung:<\/strong><\/p>\n<div class=\"doc\">Grundlagen der Bahnlegung (von Uwe Dresel, 2002)<br \/>\n<a href=\"http:\/\/www.orientierungslauf.de\/dokumente\/lehrwesen\/Grundlagen_Bahnlegung.pdf\" target=\"_blank\" rel=\"noopener\">PDF, 41 KB<\/a><\/div>\n<div class=\"doc\">Grundlagen der Bahnlegung (von Andreas Spengler, 2012)<br \/>\n<i>Hinweis: Fokus des Vortrags sind L\u00e4ufe auf regionaler bis Landes-Ebene,<br \/>\nnicht uneingeschr\u00e4nkt auf nationale Wettk\u00e4mpfe anwendbar!<\/i><br \/>\n<a href=\"http:\/\/www.orientierungslauf.de\/dokumente\/lehrwesen\/Grundlagen_Bahnlegung_Spengler.pdf\" target=\"_blank\" rel=\"noopener\">PDF, 365 KB<\/a><\/div>\n<div class=\"doc\">Kinder-OL<br \/>\n<a href=\"http:\/\/www.orientierungslauf.de\/dokumente\/lehrwesen\/KinderOL.pdf\" target=\"_blank\" rel=\"noopener\">PDF, 2.9 MB<\/a><\/div>\n<div class=\"doc\">Volks-OL<br \/>\n<a href=\"http:\/\/www.orientierungslauf.de\/dokumente\/lehrwesen\/VolksOL.pdf\" target=\"_blank\" rel=\"noopener\">PDF, 31 KB<\/a><\/div>\n<div>Flyer f\u00fcr den OL-Koffer<br \/>\n<a href=\"http:\/\/www.orientierungslauf.de\/dokumente\/lehrwesen\/Flyer_OL-Koffer.pdf\" target=\"_blank\" rel=\"noopener\">PDF, 257 KB<\/a><\/div>\n<div><\/div>\n<p><strong>EDV:<\/strong><br \/>\nTipps rund um den EDV-Einsatz im OL-Wettkampf<br \/>\n<a href=\"http:\/\/www.orientierungslauf.de\/dokumente\/allgemein\/Tipps_zur_EDV-Auswertung.pdf\" target=\"_blank\" rel=\"noopener\">PDF, 2.1 MB<\/a><\/p>\n<p><strong>OL-Literatur:<\/strong><br \/>\n<a href=\"http:\/\/www.orientierungslauf.de\/dokumente\/lehrwesen\/OL-Literatur.pdf\" target=\"_blank\" rel=\"noopener\">PDF, 16 KB<\/a><\/p>\n<div><strong>Hilfe von einem Volunteer:<\/strong><\/div>\n<div><a href=\"http:\/\/www.wovorg.wordpress.com\">WOVO World Orienteering Volunteer Organization<\/a><\/div>\n","protected":false},"excerpt":{"rendered":"<p>Was ist OL? Vortrag Orientierungssport PDF, 1.53 MB OL-Flyer &#8218;Das ist OL&#8216; PDF, 6,1 MB OL-Flyer &#8218;Erste Schritte&#8216; PDF, 6,6 MB OL-Flyer &#8218;Die OL-Karte&#8216; PDF, 5,4 MB Studien: News-Artikel &#8222;&#8218;Orientierungslauf [&hellip;]<\/p>\n","protected":false},"author":4,"featured_media":0,"parent":0,"menu_order":0,"comment_status":"closed","ping_status":"closed","template":"","meta":{"footnotes":"","_links_to":"","_links_to_target":""},"class_list":["post-805","page","type-page","status-publish","hentry"],"_links":{"self":[{"href":"https:\/\/olg-siegerland.de\/wordpress\/index.php?rest_route=\/wp\/v2\/pages\/805","targetHints":{"allow":["GET"]}}],"collection":[{"href":"https:\/\/olg-siegerland.de\/wordpress\/index.php?rest_route=\/wp\/v2\/pages"}],"about":[{"href":"https:\/\/olg-siegerland.de\/wordpress\/index.php?rest_route=\/wp\/v2\/types\/page"}],"author":[{"embeddable":true,"href":"https:\/\/olg-siegerland.de\/wordpress\/index.php?rest_route=\/wp\/v2\/users\/4"}],"replies":[{"embeddable":true,"href":"https:\/\/olg-siegerland.de\/wordpress\/index.php?rest_route=%2Fwp%2Fv2%2Fcomments&post=805"}],"version-history":[{"count":13,"href":"https:\/\/olg-siegerland.de\/wordpress\/index.php?rest_route=\/wp\/v2\/pages\/805\/revisions"}],"predecessor-version":[{"id":1060,"href":"https:\/\/olg-siegerland.de\/wordpress\/index.php?rest_route=\/wp\/v2\/pages\/805\/revisions\/1060"}],"wp:attachment":[{"href":"https:\/\/olg-siegerland.de\/wordpress\/index.php?rest_route=%2Fwp%2Fv2%2Fmedia&parent=805"}],"curies":[{"name":"wp","href":"https:\/\/api.w.org\/{rel}","templated":true}]}}