{"id":766,"date":"2017-07-13T08:01:09","date_gmt":"2017-07-13T06:01:09","guid":{"rendered":"http:\/\/olg-siegerland.de\/wordpress\/?page_id=766"},"modified":"2017-07-19T21:36:20","modified_gmt":"2017-07-19T19:36:20","slug":"material","status":"publish","type":"page","link":"https:\/\/olg-siegerland.de\/wordpress\/?page_id=766","title":{"rendered":"Material"},"content":{"rendered":"<table>\n<tbody>\n<tr>\n<td width=\"201\"><strong>Material:<\/strong><\/td>\n<td width=\"201\"><strong>Anzahl:<\/strong><\/td>\n<td width=\"201\"><strong>Ausleihgeb\u00fchr:<\/strong><\/td>\n<\/tr>\n<tr>\n<td width=\"201\">Posten: gro\u00df\/klein<\/td>\n<td width=\"201\">\u00a050<\/td>\n<td width=\"201\"><\/td>\n<\/tr>\n<tr>\n<td width=\"201\">Postenst\u00e4nder: neu\/alt\/B\u00f6cke<\/td>\n<td width=\"201\">\u00a049\/50<\/td>\n<td width=\"201\"><\/td>\n<\/tr>\n<tr>\n<td width=\"201\">Si- Stationen<\/td>\n<td width=\"201\">\u00a0ca. 50<\/td>\n<td width=\"201\"><\/td>\n<\/tr>\n<tr>\n<td width=\"201\">Si- Chips<\/td>\n<td width=\"201\">\u00a0ca. 50<\/td>\n<td width=\"201\"><\/td>\n<\/tr>\n<tr>\n<td width=\"201\"><\/td>\n<td width=\"201\"><\/td>\n<td width=\"201\"><\/td>\n<\/tr>\n<tr>\n<td width=\"201\"><\/td>\n<td width=\"201\"><\/td>\n<td width=\"201\"><\/td>\n<\/tr>\n<\/tbody>\n<\/table>\n<p>&nbsp;<\/p>\n<p>Die Ausleihgeb\u00fchren sind je nach Situation verhandelbar.<\/p>\n<p>&nbsp;<\/p>\n<p>Alle weiteren Materiealien k\u00f6nnen bei den 3 Deutschen Orientierungslauf Gesch\u00e4ften k\u00e4uflich erworben werden.<\/p>\n<p><a href=\"http:\/\/www.sportvogl.de\/\">Sportvogel<\/a><\/p>\n<p><a href=\"http:\/\/www.ol-shop-conrad.de\/\">OL-shop Conrad<\/a><\/p>\n<p><a href=\"http:\/\/www.riehl-military.com\/shop\/catalog\/index.php?cPath=329\">Riehl- Military &amp; Outdoor Equipment<\/a><\/p>\n","protected":false},"excerpt":{"rendered":"<p>Material: Anzahl: Ausleihgeb\u00fchr: Posten: gro\u00df\/klein \u00a050 Postenst\u00e4nder: neu\/alt\/B\u00f6cke \u00a049\/50 Si- Stationen \u00a0ca. 50 Si- Chips \u00a0ca. 50 &nbsp; Die Ausleihgeb\u00fchren sind je nach Situation verhandelbar. &nbsp; Alle weiteren Materiealien k\u00f6nnen [&hellip;]<\/p>\n","protected":false},"author":4,"featured_media":0,"parent":0,"menu_order":0,"comment_status":"closed","ping_status":"closed","template":"","meta":{"footnotes":"","_links_to":"","_links_to_target":""},"class_list":["post-766","page","type-page","status-publish","hentry"],"_links":{"self":[{"href":"https:\/\/olg-siegerland.de\/wordpress\/index.php?rest_route=\/wp\/v2\/pages\/766","targetHints":{"allow":["GET"]}}],"collection":[{"href":"https:\/\/olg-siegerland.de\/wordpress\/index.php?rest_route=\/wp\/v2\/pages"}],"about":[{"href":"https:\/\/olg-siegerland.de\/wordpress\/index.php?rest_route=\/wp\/v2\/types\/page"}],"author":[{"embeddable":true,"href":"https:\/\/olg-siegerland.de\/wordpress\/index.php?rest_route=\/wp\/v2\/users\/4"}],"replies":[{"embeddable":true,"href":"https:\/\/olg-siegerland.de\/wordpress\/index.php?rest_route=%2Fwp%2Fv2%2Fcomments&post=766"}],"version-history":[{"count":6,"href":"https:\/\/olg-siegerland.de\/wordpress\/index.php?rest_route=\/wp\/v2\/pages\/766\/revisions"}],"predecessor-version":[{"id":891,"href":"https:\/\/olg-siegerland.de\/wordpress\/index.php?rest_route=\/wp\/v2\/pages\/766\/revisions\/891"}],"wp:attachment":[{"href":"https:\/\/olg-siegerland.de\/wordpress\/index.php?rest_route=%2Fwp%2Fv2%2Fmedia&parent=766"}],"curies":[{"name":"wp","href":"https:\/\/api.w.org\/{rel}","templated":true}]}}