{"id":740,"date":"2017-07-12T11:42:00","date_gmt":"2017-07-12T09:42:00","guid":{"rendered":"http:\/\/olg-siegerland.de\/wordpress\/?page_id=740"},"modified":"2017-08-29T04:58:39","modified_gmt":"2017-08-29T02:58:39","slug":"kalender","status":"publish","type":"page","link":"https:\/\/olg-siegerland.de\/wordpress\/?page_id=740","title":{"rendered":"Kalender"},"content":{"rendered":"<p><a href=\"http:\/\/wtb-ol.de\/?page_id=238\"><strong>OL Veranstaltungen in Westfalen<\/strong><\/a><\/p>\n<p><a href=\"http:\/\/www.orientierungslauf.de\/3\/1\"><strong>OL Veranstaltungen in Deutschland<\/strong><\/a><\/p>\n<p><a href=\"http:\/\/www.flvw.de\/leichtathletik\/\"><strong> Laufveranstaltungen in Westfalen<\/strong><\/a><\/p>\n<p><strong>OL Veranstaltungen in unseren Nachbar Bundesl\u00e4ndern<\/strong><br \/>\n<a href=\"https:\/\/dkaderhessenolnr1.jimdo.com\/termine\/\">Hessen<\/a><br \/>\n<a href=\"http:\/\/www.ntb-ol.de\/\">Niedersachsen<\/a><\/p>\n<p><strong>OL Veranstaltungen in unseren Nachbar L\u00e4ndern<\/strong><br \/>\n<a href=\"https:\/\/www.britishorienteering.org.uk\/event_diary\">Gro\u00dfbritannien<\/a><br \/>\n<a href=\"http:\/\/www.nolb.nl\/wedstrijdkalender\/\">Niederlande<\/a><br \/>\n<a href=\"http:\/\/www.orienteering.be\/dc\/index.php\">Belgien<\/a><br \/>\n<a href=\"http:\/\/www.ffcorientation.fr\/\">Frankreich<\/a><\/p>\n<p><strong>Weitere Internationale OL Veranstaltungen<\/strong><br \/>\n<a href=\"http:\/\/cal.worldofo.com\/\">http:\/\/cal.worldofo.com\/<\/a><br \/>\n<a href=\"https:\/\/eventor.orienteering.org\/Events\">https:\/\/eventor.orienteering.org\/Events<\/a><\/p>\n","protected":false},"excerpt":{"rendered":"<p>OL Veranstaltungen in Westfalen OL Veranstaltungen in Deutschland Laufveranstaltungen in Westfalen OL Veranstaltungen in unseren Nachbar Bundesl\u00e4ndern Hessen Niedersachsen OL Veranstaltungen in unseren Nachbar L\u00e4ndern Gro\u00dfbritannien Niederlande Belgien Frankreich Weitere [&hellip;]<\/p>\n","protected":false},"author":4,"featured_media":0,"parent":0,"menu_order":0,"comment_status":"closed","ping_status":"closed","template":"","meta":{"footnotes":"","_links_to":"","_links_to_target":""},"class_list":["post-740","page","type-page","status-publish","hentry"],"_links":{"self":[{"href":"https:\/\/olg-siegerland.de\/wordpress\/index.php?rest_route=\/wp\/v2\/pages\/740","targetHints":{"allow":["GET"]}}],"collection":[{"href":"https:\/\/olg-siegerland.de\/wordpress\/index.php?rest_route=\/wp\/v2\/pages"}],"about":[{"href":"https:\/\/olg-siegerland.de\/wordpress\/index.php?rest_route=\/wp\/v2\/types\/page"}],"author":[{"embeddable":true,"href":"https:\/\/olg-siegerland.de\/wordpress\/index.php?rest_route=\/wp\/v2\/users\/4"}],"replies":[{"embeddable":true,"href":"https:\/\/olg-siegerland.de\/wordpress\/index.php?rest_route=%2Fwp%2Fv2%2Fcomments&post=740"}],"version-history":[{"count":4,"href":"https:\/\/olg-siegerland.de\/wordpress\/index.php?rest_route=\/wp\/v2\/pages\/740\/revisions"}],"predecessor-version":[{"id":750,"href":"https:\/\/olg-siegerland.de\/wordpress\/index.php?rest_route=\/wp\/v2\/pages\/740\/revisions\/750"}],"wp:attachment":[{"href":"https:\/\/olg-siegerland.de\/wordpress\/index.php?rest_route=%2Fwp%2Fv2%2Fmedia&parent=740"}],"curies":[{"name":"wp","href":"https:\/\/api.w.org\/{rel}","templated":true}]}}