{"id":671,"date":"2017-07-06T05:45:16","date_gmt":"2017-07-06T03:45:16","guid":{"rendered":"http:\/\/olg-siegerland.de\/wordpress\/?page_id=671"},"modified":"2017-08-29T05:00:45","modified_gmt":"2017-08-29T03:00:45","slug":"geschichte","status":"publish","type":"page","link":"https:\/\/olg-siegerland.de\/wordpress\/?page_id=671","title":{"rendered":"Geschichte"},"content":{"rendered":"<p>1999 im September kam der damals 18j\u00e4hrige Christian Gieseler mit einem Anliegen auf mich zu. Gisi rannte zu der Zeit bereits seit Jahren in der deutschen Spitze und lieferte sich mit dem Steinberger Leif Bader jedes Mal einen packenden Kampf um die zu vergebenden Deutschen Meistertitel\u2026<\/p>\n<p>\u2026allerdings mit dem meist besseren Ende f\u00fcr Leif.<\/p>\n<p>Gisi sprach mich also an, dass er ab der Saison 2000 f\u00fcr die Steinberger starten w\u00fcrde, falls es die Siegerl\u00e4nder nicht schaffen w\u00fcrden, eine Startm\u00f6glichkeit f\u00fcr Staffeln zu schaffen.<\/p>\n<p>Ich war damals Fachwart f\u00fcr OL im Siegerland Turngau, deshalb sprach Gisi mich an.<\/p>\n<p>Mir war klar, dass man so ein Talent wie es Gisi war nicht so einfach ziehen lassen kann.<\/p>\n<p>Die Idee eines Zusammenschlusses war nicht neu, Sie kam in den Jahren davor immer mal wieder zur Sprache, wurde aber nie mit Konsequenz weiterverfolgt. Gisi war f\u00fcr mich (ich bin ja eher skeptisch veranlagt) der entscheidende Punkt, an dem eine gemeinsame Startm\u00f6glichkeit nun angegangen werden sollte.<\/p>\n<p>Die Siegerl\u00e4nder OLer verteilten sich damals auf mehrere kleine Vereine; aber kein Verein war in der Lage, eine Staffel aufbieten zu k\u00f6nnen.<\/p>\n<p>Die Basis die wir hatten, war aber f\u00fcr eine engagierte OL-Region sehr gut:<\/p>\n<p>Da war Christian Franke (SU Annen), der deutschlandweit in der Elite regelm\u00e4\u00dfig unter die Top 6 lief und bei dem kein Waldst\u00fcck vor einer exzellenten Kartierung sicher war, da waren Gieselers (TuS Fellinghausen), die mit Walter einen Tausendsassa hatten, da war Volker Moll in B\u00fcschergrund, Joachim Menn in Helberhausen, Peter N\u00fcs in Dahlbruch, die jungen M\u00fcsener OLer und ich in Kredenbach.<\/p>\n<p>Au\u00dferdem organisierten wir unser Training seit Jahren bereits gemeinsam.<\/p>\n<p>Alle bewegten was, und wir waren vor allem ziemlich jung und gewaltig motiviert: Die Voraussetzungen f\u00fcr einen erfolgreichen Vereinsstart waren also gegeben.<\/p>\n<p>Walter Gieseler und ich sprachen beim Finanzamt vor, Walter besorgte die Satzung der OLG Ortenau, das OK der Stammvereine wurde eingeholt und so entstand ziemlich schnell die Grundlage f\u00fcr die neu zu gr\u00fcndende OLG Siegerland.<\/p>\n<p>An einem kalten Samstag im Dezember 1999 wurde die OLG Siegerland am Giller gegr\u00fcndet, und die Saison 2000 fand also gemeinsam mit Gisi statt.<\/p>\n<p>Unser Vereinskonstrukt sah so aus, dass die OLer der Stammvereine TV Allenbach, TuS Dahlbruch, TuS Fellinghausen, TV Kredenbach-Lohe und TuS M\u00fcsen automatisch Mitglied der OLG Siegerland sind, also ein klassischer Vereinswechsel nicht erfolgen musste.<\/p>\n<p>Der TV B\u00fcschergrund folgte erst ein Jahr sp\u00e4ter, das neue \u201eWir-Gef\u00fchl\u201c und die gute Stimmung wirkten sehr \u00fcberzeugend.<\/p>\n<p>Der erste Wettkampf, der Nostalgie-Lang-OL im M\u00e4rz 2000 vom TV B\u00fcschergrund endete \u00fcbrigens mit einem Dreifach-Erfolg der OLG Siegerland: 1. Franke, 2. Gieseler, 3. Hofmann.<\/p>\n<p>Wenn das also mal kein gutes Omen war!<\/p>\n<p>Waren die Siegerl\u00e4nder bislang in der Lage gewesen, vielleicht einmal einen Landesranglistenlauf oder eine Westf\u00e4lische Meisterschaft auszurichten (1900er TV B\u00fcschergrund, 1997 TuS Fellinghausen, 1998 TV Kredenbach-Lohe), so war nun eine ganz andere Masse an OL-Know-How vorhanden. Zu den aktiven OLern konnten wir auf die Infrastruktur und Manpower der Stammvereine (Zelte, B\u00e4nke, Tische, Kuchen, Helfer) zur\u00fcckgreifen. Dies f\u00fchrte zur nunmehr 17 j\u00e4hrigen Tradition des Siegerl\u00e4nder 2-Tage-OLs, der 2001 erstmalig durchgef\u00fchrt wurde.<\/p>\n<p>H\u00f6hepunkte in der Ausrichtung waren der JLVK 2002, der internationale L\u00e4nderkampf 2003, die DM Staffel\/der Weltranglistenlauf 2005 und die DM\/der D-Cup 2010.<\/p>\n<p>Ach so, wir liefen nun auch Staffeln:<\/p>\n<p>DM Herren Elite 2002-2004: 5., 5., 4.<\/p>\n<p>Deutsche Staffelliga: Gesamtsieg 2002<\/p>\n<p>und nat\u00fcrlich viele Altersklassen-, 3-h-Staffeln, 24-h-Staffeln, Bier-OL-Staffeln\u2026<\/p>\n<p>Wie an allem, so nagt der Zahn der Zeit auch an uns und so wurde es im Lauf der Zeit eher schwieriger, den Elan der fr\u00fchen OLG-Jahre beizubehalten:<\/p>\n<p>Schwere Krankheiten, Wegzug, riesiger b\u00fcrokratischer Aufwand f\u00fcr Genehmigungen von Orientierungsl\u00e4ufen und im Schnitt einfach mal 17 Jahre \u00e4ltere Mitglieder und nicht zu vergessen dieser katastrophale Sturm Kyrill im Jahr 2007 sind da aus meiner Sicht zu nennen.<\/p>\n<p>R\u00fcckblickend kann ich f\u00fcr mich sagen:<\/p>\n<p>Es war f\u00fcr den Siegerl\u00e4nder OL eine sehr gute Entscheidung, die OLG ins Leben zu rufen.<\/p>\n<p>&nbsp;<\/p>\n<p>Geschrieben von G\u00f6tz Hofmann<\/p>\n","protected":false},"excerpt":{"rendered":"<p>1999 im September kam der damals 18j\u00e4hrige Christian Gieseler mit einem Anliegen auf mich zu. Gisi rannte zu der Zeit bereits seit Jahren in der deutschen Spitze und lieferte sich [&hellip;]<\/p>\n","protected":false},"author":4,"featured_media":0,"parent":0,"menu_order":0,"comment_status":"closed","ping_status":"closed","template":"","meta":{"footnotes":"","_links_to":"","_links_to_target":""},"class_list":["post-671","page","type-page","status-publish","hentry"],"_links":{"self":[{"href":"https:\/\/olg-siegerland.de\/wordpress\/index.php?rest_route=\/wp\/v2\/pages\/671","targetHints":{"allow":["GET"]}}],"collection":[{"href":"https:\/\/olg-siegerland.de\/wordpress\/index.php?rest_route=\/wp\/v2\/pages"}],"about":[{"href":"https:\/\/olg-siegerland.de\/wordpress\/index.php?rest_route=\/wp\/v2\/types\/page"}],"author":[{"embeddable":true,"href":"https:\/\/olg-siegerland.de\/wordpress\/index.php?rest_route=\/wp\/v2\/users\/4"}],"replies":[{"embeddable":true,"href":"https:\/\/olg-siegerland.de\/wordpress\/index.php?rest_route=%2Fwp%2Fv2%2Fcomments&post=671"}],"version-history":[{"count":5,"href":"https:\/\/olg-siegerland.de\/wordpress\/index.php?rest_route=\/wp\/v2\/pages\/671\/revisions"}],"predecessor-version":[{"id":900,"href":"https:\/\/olg-siegerland.de\/wordpress\/index.php?rest_route=\/wp\/v2\/pages\/671\/revisions\/900"}],"wp:attachment":[{"href":"https:\/\/olg-siegerland.de\/wordpress\/index.php?rest_route=%2Fwp%2Fv2%2Fmedia&parent=671"}],"curies":[{"name":"wp","href":"https:\/\/api.w.org\/{rel}","templated":true}]}}