{"id":540,"date":"2016-03-07T22:06:54","date_gmt":"2016-03-07T21:06:54","guid":{"rendered":"http:\/\/olg-siegerland.de\/wordpress\/?page_id=540"},"modified":"2016-03-17T20:02:39","modified_gmt":"2016-03-17T19:02:39","slug":"wertungssystem-vereinspokal","status":"publish","type":"page","link":"https:\/\/olg-siegerland.de\/wordpress\/?page_id=540","title":{"rendered":"Wertungssystem Vereinswochenende"},"content":{"rendered":"<p>Beim Vereinswochenende wird der St\u00e4rkste Verein in NRW gek\u00fcrt. Die L\u00e4ufer laufen beim Landesranglistenlauf nicht nur f\u00fcr sich selber sondern auch f\u00fcr die Vereinswertung. Nach dem Einzellauf am ersten Tag gibt es einen Zwischenstand. F\u00fcr die Vereinsstaffel gibt es f\u00fcr mehrere Staffeln pro Verein ebenfalls Punkte, so dass in der Gesamtwertung ein Siegerverein gek\u00fcrt wird. Das Vereinswochenende soll den bisher bestehenden Vereinspokal bei dem alle Landesranglistenl\u00e4ufe gewertet werden nicht ersetzen, sondern einen weiteren Reiz im OL in NRW setzen. Die Punkte f\u00fcr den Vereinspokal werden im Detail wie folgt vergeben:<\/p>\n<p>Zusammenfassung als PDF: <a href=\"http:\/\/olg-siegerland.de\/wettkampfe\/2tage2016\/PunktesystemNRWVereinswochenende2016.pdf\">Punktesystem.pdf<\/a><\/p>\n<h2>Wertungsmodus f\u00fcr das NRW Vereinswochenende<strong><br \/>\n<\/strong><\/h2>\n<p><strong>(1) Einzelwertung<\/strong><\/p>\n<p>In die Wertung gehen alle Klassen (H\/D 10, 12, 14, 16, 18, 17k, 19L, 35, 45, 55, 65 und H 75) mit der Ausnahme der Anf\u00e4nger-Kategorie ein. Pro Kategorie flie\u00dfen die Ergebnisse der jeweils zwei besten L\u00e4ufer eines Vereins ein, wobei L\u00e4ufer \u201aohne Verein\u2018 nicht in die Punktewertung eingerechnet werden. Entsprechend der f\u00fcr die Vereinswertung z\u00e4hlenden Starter werden die Punkte vom Sieger bis zum Letztplatzierten heruntergez\u00e4hlt. Gehen beispielsweise 6 Starter in Wertung ein, so erh\u00e4lt der Sieger 6 Punkte, der zweitplatzierte 5 Punkte usw. L\u00e4ufer mit Fehlstempel oder Laufabbruch werden in die Vereinswertung eingerechnet, k\u00f6nnen selber aber keine Punkte sammeln.<\/p>\n<p>In den Kinderkategorien H\/D 10, 12, 14, 16 und 18 z\u00e4hlen die Punkte doppelt, um hier einen besonderen Anreiz zu setzten!<\/p>\n<p><strong>(2) Staffelwertung (3-er Staffel)<\/strong><\/p>\n<ol>\n<li>a) Streckenl\u00e4ngen:<\/li>\n<\/ol>\n<ul>\n<li><em><u>Strecke 1 (Lang)<\/u><\/em>: Hoher Orientierungsanspruch, ca. 7-8 LKM<\/li>\n<li><em><u>Strecke 2 (Mittel)<\/u><\/em>: Hoher bis mittlerer Orientierungsanspruch, ca. 5-6 LKM<\/li>\n<li><em><u>Strecke 3 (Kurz)<\/u><\/em>: Einfacher Orientierungsanspruch, ca. 2,5 -4LKM<\/li>\n<\/ul>\n<ol>\n<li>b) Staffelzusammensetzung:<\/li>\n<\/ol>\n<ul>\n<li>Maximal ein L\u00e4ufer aus der Hauptklasse (Herren)<\/li>\n<li>Mindestens ein(e) L\u00e4uferIn bis D\/H14, ab H55 oder ab D45<\/li>\n<li>Ein dritter L\u00e4ufer ist frei w\u00e4hlbar<\/li>\n<\/ul>\n<ol>\n<li>c) Es k\u00f6nnen grunds\u00e4tzlich unbegrenzt viele Staffeln pro Verein gemeldet werden, allerdings gehen pro Verein nur die 2 besten Staffeln in die Vereinswertung ein.<\/li>\n<\/ol>\n<p>Die Punktevergabe erfolgt nach dem folgenden Schema:<\/p>\n<ol>\n<li>Platz: Anzahl der gewerteten Staffeln * 2<\/li>\n<li>Platz: (Anzahl der gewerteten Staffeln -1) *2<\/li>\n<li>Platz: (Anzahl der gewerteten Staffeln -2) * 2<\/li>\n<li>\u2026<\/li>\n<\/ol>\n<p>Staffeln mit Fehlstempel oder Laufabbruch werden in die Vereinswertung eingerechnet, k\u00f6nnen selber aber keine Punkte sammeln. Staffeln, die nicht die erforderliche Zusammensetzung erf\u00fcllen, starten au\u00dfer Konkurrenz. Au\u00dfer Konkurrenz d\u00fcrfen auch Mix-Staffeln unterschiedlicher Vereine antreten.<\/p>\n<p><strong>(3) Gesamtwertung<\/strong><\/p>\n<p>Die Gesamtwertung errechnet sich aus den in Einzel- und Staffellauf gesammelten Punkten!<\/p>\n<p><strong>(4) Startrecht<\/strong><\/p>\n<p>L\u00e4ufer mit Zweitstartrecht d\u00fcrfen in Einzel und Staffel nur f\u00fcr einen Verein starten. Ob sie vom Erst-oder Zweitstartrecht Gebrauch machen, bleibt dem L\u00e4ufer\/ der L\u00e4uferin vorbehalten.<\/p>\n","protected":false},"excerpt":{"rendered":"<p>Beim Vereinswochenende wird der St\u00e4rkste Verein in NRW gek\u00fcrt. Die L\u00e4ufer laufen beim Landesranglistenlauf nicht nur f\u00fcr sich selber sondern auch f\u00fcr die Vereinswertung. Nach dem Einzellauf am ersten Tag [&hellip;]<\/p>\n","protected":false},"author":1,"featured_media":0,"parent":0,"menu_order":0,"comment_status":"closed","ping_status":"closed","template":"","meta":{"footnotes":"","_links_to":"","_links_to_target":""},"class_list":["post-540","page","type-page","status-publish","hentry"],"_links":{"self":[{"href":"https:\/\/olg-siegerland.de\/wordpress\/index.php?rest_route=\/wp\/v2\/pages\/540","targetHints":{"allow":["GET"]}}],"collection":[{"href":"https:\/\/olg-siegerland.de\/wordpress\/index.php?rest_route=\/wp\/v2\/pages"}],"about":[{"href":"https:\/\/olg-siegerland.de\/wordpress\/index.php?rest_route=\/wp\/v2\/types\/page"}],"author":[{"embeddable":true,"href":"https:\/\/olg-siegerland.de\/wordpress\/index.php?rest_route=\/wp\/v2\/users\/1"}],"replies":[{"embeddable":true,"href":"https:\/\/olg-siegerland.de\/wordpress\/index.php?rest_route=%2Fwp%2Fv2%2Fcomments&post=540"}],"version-history":[{"count":4,"href":"https:\/\/olg-siegerland.de\/wordpress\/index.php?rest_route=\/wp\/v2\/pages\/540\/revisions"}],"predecessor-version":[{"id":547,"href":"https:\/\/olg-siegerland.de\/wordpress\/index.php?rest_route=\/wp\/v2\/pages\/540\/revisions\/547"}],"wp:attachment":[{"href":"https:\/\/olg-siegerland.de\/wordpress\/index.php?rest_route=%2Fwp%2Fv2%2Fmedia&parent=540"}],"curies":[{"name":"wp","href":"https:\/\/api.w.org\/{rel}","templated":true}]}}